{"id":8,"date":"2024-07-30T13:03:21","date_gmt":"2024-07-30T11:03:21","guid":{"rendered":"https:\/\/lacordeurbaine.com\/?page_id=8"},"modified":"2024-07-30T13:43:01","modified_gmt":"2024-07-30T11:43:01","slug":"accueil","status":"publish","type":"page","link":"https:\/\/lacordeurbaine.com\/index.php\/accueil\/","title":{"rendered":"Accueil"},"content":{"rendered":"\n<p>Bienvenue chez La Corde Urbaine &#8211; Maison de cr\u00e9ation musicale !<\/p>\n\n\n\n<p>&#8211; Professionnalise ta voix\/gagne en technique vocale <\/p>\n\n\n\n<p>&#8211; Concr\u00e9tise ton projet avec nous <\/p>\n\n\n\n<p>&#8211; Ajoute une patte acoustique \u00e0 tes musiques <\/p>\n\n\n\n<p><\/p>\n\n\n\n<p>Cr\u00e9e le meilleur en restant toi m\u00eame !<\/p>\n\n\n\n<div class=\"wp-block-buttons is-layout-flex wp-block-buttons-is-layout-flex\"><\/div>\n\n\n\n<p><\/p>\n","protected":false},"excerpt":{"rendered":"<p>Bienvenue chez La Corde Urbaine &#8211; Maison de cr\u00e9ation musicale ! &#8211; Professionnalise ta voix\/gagne en technique vocale &#8211; Concr\u00e9tise ton projet avec nous &#8211; Ajoute une patte acoustique \u00e0 tes musiques Cr\u00e9e le meilleur en restant toi m\u00eame !<\/p>\n","protected":false},"author":1,"featured_media":0,"parent":0,"menu_order":0,"comment_status":"closed","ping_status":"closed","template":"lcu-1","meta":{"footnotes":""},"class_list":["post-8","page","type-page","status-publish","hentry"],"_links":{"self":[{"href":"https:\/\/lacordeurbaine.com\/index.php\/wp-json\/wp\/v2\/pages\/8","targetHints":{"allow":["GET"]}}],"collection":[{"href":"https:\/\/lacordeurbaine.com\/index.php\/wp-json\/wp\/v2\/pages"}],"about":[{"href":"https:\/\/lacordeurbaine.com\/index.php\/wp-json\/wp\/v2\/types\/page"}],"author":[{"embeddable":true,"href":"https:\/\/lacordeurbaine.com\/index.php\/wp-json\/wp\/v2\/users\/1"}],"replies":[{"embeddable":true,"href":"https:\/\/lacordeurbaine.com\/index.php\/wp-json\/wp\/v2\/comments?post=8"}],"version-history":[{"count":5,"href":"https:\/\/lacordeurbaine.com\/index.php\/wp-json\/wp\/v2\/pages\/8\/revisions"}],"predecessor-version":[{"id":39,"href":"https:\/\/lacordeurbaine.com\/index.php\/wp-json\/wp\/v2\/pages\/8\/revisions\/39"}],"wp:attachment":[{"href":"https:\/\/lacordeurbaine.com\/index.php\/wp-json\/wp\/v2\/media?parent=8"}],"curies":[{"name":"wp","href":"https:\/\/api.w.org\/{rel}","templated":true}]}}